{"id":285,"date":"2024-03-29T03:14:25","date_gmt":"2024-03-29T03:14:25","guid":{"rendered":"https:\/\/wefillout.com\/?page_id=285"},"modified":"2024-04-02T19:54:52","modified_gmt":"2024-04-02T18:54:52","slug":"disclaimer","status":"publish","type":"page","link":"https:\/\/wefillout.com\/index.php\/disclaimer\/","title":{"rendered":"Descargo de responsabilidades"},"content":{"rendered":"\t\t<div data-elementor-type=\"wp-page\" data-elementor-id=\"285\" class=\"elementor elementor-285\">\n\t\t\t\t<div class=\"elementor-element elementor-element-1c0ac88e e-flex e-con-boxed e-con e-parent\" data-id=\"1c0ac88e\" data-element_type=\"container\" data-settings=\"{&quot;background_background&quot;:&quot;classic&quot;}\">\n\t\t\t\t\t<div class=\"e-con-inner\">\n\t\t<div class=\"elementor-element elementor-element-48b86945 e-con-full e-flex e-con e-child\" data-id=\"48b86945\" data-element_type=\"container\">\n\t\t\t\t<div class=\"elementor-element elementor-element-7d1bdbe2 elementor-widget elementor-widget-theme-post-title elementor-page-title elementor-widget-heading\" data-id=\"7d1bdbe2\" data-element_type=\"widget\" data-widget_type=\"theme-post-title.default\">\n\t\t\t\t<div class=\"elementor-widget-container\">\n\t\t\t<style>\/*! elementor - v3.21.0 - 15-04-2024 *\/\n.elementor-heading-title{padding:0;margin:0;line-height:1}.elementor-widget-heading .elementor-heading-title[class*=elementor-size-]>a{color:inherit;font-size:inherit;line-height:inherit}.elementor-widget-heading .elementor-heading-title.elementor-size-small{font-size:15px}.elementor-widget-heading .elementor-heading-title.elementor-size-medium{font-size:19px}.elementor-widget-heading .elementor-heading-title.elementor-size-large{font-size:29px}.elementor-widget-heading .elementor-heading-title.elementor-size-xl{font-size:39px}.elementor-widget-heading .elementor-heading-title.elementor-size-xxl{font-size:59px}<\/style><h1 class=\"elementor-heading-title elementor-size-default\">Descargo de responsabilidades<\/h1>\t\t<\/div>\n\t\t\t\t<\/div>\n\t\t\t\t<\/div>\n\t\t\t\t\t<\/div>\n\t\t\t\t<\/div>\n\t\t<div class=\"elementor-element elementor-element-58369f7 e-flex e-con-boxed e-con e-parent\" data-id=\"58369f7\" data-element_type=\"container\">\n\t\t\t\t\t<div class=\"e-con-inner\">\n\t\t\t\t<div class=\"elementor-element elementor-element-a889510 elementor-widget elementor-widget-text-editor\" data-id=\"a889510\" data-element_type=\"widget\" data-widget_type=\"text-editor.default\">\n\t\t\t\t<div class=\"elementor-widget-container\">\n\t\t\t<style>\/*! elementor - v3.21.0 - 15-04-2024 *\/\n.elementor-widget-text-editor.elementor-drop-cap-view-stacked .elementor-drop-cap{background-color:#69727d;color:#fff}.elementor-widget-text-editor.elementor-drop-cap-view-framed .elementor-drop-cap{color:#69727d;border:3px solid;background-color:transparent}.elementor-widget-text-editor:not(.elementor-drop-cap-view-default) .elementor-drop-cap{margin-top:8px}.elementor-widget-text-editor:not(.elementor-drop-cap-view-default) .elementor-drop-cap-letter{width:1em;height:1em}.elementor-widget-text-editor .elementor-drop-cap{float:left;text-align:center;line-height:1;font-size:50px}.elementor-widget-text-editor .elementor-drop-cap-letter{display:inline-block}<\/style>\t\t\t\t<p><span style=\"font-weight: 400;\">**DESCARGO DE RESPONSABILIDADES**<\/span><\/p><p>\u00a0<\/p><ol><li><span style=\"font-weight: 400;\"> **Aviso Legal Sobre los Servicios Ofrecidos**: Manuel Maestre y el equipo de FillOut LLC no est\u00e1n cualificados como abogados, lo que implica que no poseen autorizaci\u00f3n para ofrecer consejos legales, determinar los derechos legales de los individuos, instruir sobre la manera de declarar en juicios, ni representar legalmente ante el Servicio de Ciudadan\u00eda e Inmigraci\u00f3n de los Estados Unidos (USCIS) o en cualquier instancia judicial.<\/span><\/li><\/ol><p>\u00a0<\/p><ol start=\"2\"><li><span style=\"font-weight: 400;\"> **Clarificaci\u00f3n Sobre la Figura del Asistente Legal**: En l\u00ednea con las directrices de la Barra de Abogados de Texas, el t\u00e9rmino asistente legal se refiere a personas trabajando bajo la direcci\u00f3n de un abogado licenciado, encargadas de tareas legales espec\u00edficas. FillOut LLC aclara que Manuel Maestre, as\u00ed como cualquier miembro del equipo, no encaja en esta definici\u00f3n y, por tanto, no se identifica ni act\u00faa como tal. La funci\u00f3n se limita a la transcripci\u00f3n de informaci\u00f3n en formularios, basada \u00fanicamente en los datos proporcionados por los clientes, sin generar respuestas a consultas espec\u00edficas en dichos documentos.<\/span><\/li><\/ol><p>\u00a0<\/p><ol start=\"3\"><li><span style=\"font-weight: 400;\"> **Restricciones de Representaci\u00f3n y Asesoramiento**: FillOut LLC y Manuel Maestre explicitan que no se hallan registrados como representantes legales ante la EOIR, ni vinculados de manera alguna con el USCIS. Su asistencia se circunscribe a la transcripci\u00f3n de informaci\u00f3n para formularios sin emitir consejos sobre c\u00f3mo completarlos m\u00e1s all\u00e1 de lo ya proporcionado por el cliente. No se asumen responsabilidades de representaci\u00f3n ante organismos gubernamentales o en procedimientos de inmigraci\u00f3n.<\/span><\/li><\/ol><p>\u00a0<\/p><ol start=\"4\"><li><span style=\"font-weight: 400;\"> **Naturaleza de los Servicios Prestados por FillOut LLC**: La compa\u00f1\u00eda, bajo la direcci\u00f3n de Manuel Maestre, no opera como un despacho de abogados y, por ende, no realiza pr\u00e1cticas legales. La revisi\u00f3n de documentos se limita a verificar la exactitud en la transcripci\u00f3n sin evaluar la adecuaci\u00f3n legal de la informaci\u00f3n suministrada. No se brinda asesor\u00eda jur\u00eddica.<\/span><\/li><\/ol><p>\u00a0<\/p><ol start=\"5\"><li><span style=\"font-weight: 400;\"> **Orientaci\u00f3n General sobre Legislaci\u00f3n**: La capacidad de FillOut LLC para informar sobre aspectos legales es nula. Manuel Maestre urge a quienes tengan inquietudes sobre procedimientos migratorios a consultar a profesionales del derecho, puesto que ni \u00e9l ni su equipo est\u00e1n habilitados para proporcionar orientaci\u00f3n legal.<\/span><\/li><\/ol><p>\u00a0<\/p><ol start=\"6\"><li><span style=\"font-weight: 400;\"> **Relaci\u00f3n con los Clientes**: La interacci\u00f3n con FillOut LLC y el uso de sus servicios no constituyen una relaci\u00f3n abogado-cliente. Se recomienda encarecidamente buscar la asistencia de un abogado especializado para necesidades de asesoramiento o representaci\u00f3n legal.<\/span><\/li><\/ol><p>\u00a0<\/p><ol start=\"7\"><li><span style=\"font-weight: 400;\"> **B\u00fasqueda de Asistencia Legal**: Se aconseja a los interesados en obtener servicios legales asegurarse de que el abogado elegido est\u00e9 debidamente licenciado y en regla con la Barra de Abogados de Texas o la autoridad competente en su localidad. Para verificaciones, se sugiere visitar el portal oficial de la Barra de Abogados de Texas.<\/span><\/li><\/ol><p><br \/><br \/><\/p>\t\t\t\t\t\t<\/div>\n\t\t\t\t<\/div>\n\t\t\t\t\t<\/div>\n\t\t\t\t<\/div>\n\t\t\t\t<\/div>\n\t\t","protected":false},"excerpt":{"rendered":"<p>**DESCARGO DE RESPONSABILIDADES** \u00a0 **Aviso Legal Sobre los Servicios Ofrecidos**: Manuel Maestre y el equipo de FillOut LLC no est\u00e1n [&hellip;]<\/p>\n","protected":false},"author":1,"featured_media":0,"parent":0,"menu_order":0,"comment_status":"closed","ping_status":"closed","template":"","meta":{"site-sidebar-layout":"no-sidebar","site-content-layout":"","ast-site-content-layout":"full-width-container","site-content-style":"default","site-sidebar-style":"default","ast-global-header-display":"","ast-banner-title-visibility":"","ast-main-header-display":"","ast-hfb-above-header-display":"","ast-hfb-below-header-display":"","ast-hfb-mobile-header-display":"","site-post-title":"disabled","ast-breadcrumbs-content":"","ast-featured-img":"disabled","footer-sml-layout":"","theme-transparent-header-meta":"","adv-header-id-meta":"","stick-header-meta":"","header-above-stick-meta":"","header-main-stick-meta":"","header-below-stick-meta":"","astra-migrate-meta-layouts":"default","ast-page-background-enabled":"default","ast-page-background-meta":{"desktop":{"background-color":"var(--ast-global-color-4)","background-image":"","background-repeat":"repeat","background-position":"center center","background-size":"auto","background-attachment":"scroll","background-type":"","background-media":"","overlay-type":"","overlay-color":"","overlay-gradient":""},"tablet":{"background-color":"","background-image":"","background-repeat":"repeat","background-position":"center center","background-size":"auto","background-attachment":"scroll","background-type":"","background-media":"","overlay-type":"","overlay-color":"","overlay-gradient":""},"mobile":{"background-color":"","background-image":"","background-repeat":"repeat","background-position":"center center","background-size":"auto","background-attachment":"scroll","background-type":"","background-media":"","overlay-type":"","overlay-color":"","overlay-gradient":""}},"ast-content-background-meta":{"desktop":{"background-color":"var(--ast-global-color-5)","background-image":"","background-repeat":"repeat","background-position":"center center","background-size":"auto","background-attachment":"scroll","background-type":"","background-media":"","overlay-type":"","overlay-color":"","overlay-gradient":""},"tablet":{"background-color":"var(--ast-global-color-5)","background-image":"","background-repeat":"repeat","background-position":"center center","background-size":"auto","background-attachment":"scroll","background-type":"","background-media":"","overlay-type":"","overlay-color":"","overlay-gradient":""},"mobile":{"background-color":"var(--ast-global-color-5)","background-image":"","background-repeat":"repeat","background-position":"center center","background-size":"auto","background-attachment":"scroll","background-type":"","background-media":"","overlay-type":"","overlay-color":"","overlay-gradient":""}},"footnotes":""},"aioseo_notices":[],"_links":{"self":[{"href":"https:\/\/wefillout.com\/index.php\/wp-json\/wp\/v2\/pages\/285"}],"collection":[{"href":"https:\/\/wefillout.com\/index.php\/wp-json\/wp\/v2\/pages"}],"about":[{"href":"https:\/\/wefillout.com\/index.php\/wp-json\/wp\/v2\/types\/page"}],"author":[{"embeddable":true,"href":"https:\/\/wefillout.com\/index.php\/wp-json\/wp\/v2\/users\/1"}],"replies":[{"embeddable":true,"href":"https:\/\/wefillout.com\/index.php\/wp-json\/wp\/v2\/comments?post=285"}],"version-history":[{"count":8,"href":"https:\/\/wefillout.com\/index.php\/wp-json\/wp\/v2\/pages\/285\/revisions"}],"predecessor-version":[{"id":415,"href":"https:\/\/wefillout.com\/index.php\/wp-json\/wp\/v2\/pages\/285\/revisions\/415"}],"wp:attachment":[{"href":"https:\/\/wefillout.com\/index.php\/wp-json\/wp\/v2\/media?parent=285"}],"curies":[{"name":"wp","href":"https:\/\/api.w.org\/{rel}","templated":true}]}}